{"id":170,"date":"2026-01-08T14:38:01","date_gmt":"2026-01-08T14:38:01","guid":{"rendered":"https:\/\/disabledworkersbenefits.com\/?page_id=170"},"modified":"2026-04-10T14:15:20","modified_gmt":"2026-04-10T14:15:20","slug":"about","status":"publish","type":"page","link":"https:\/\/disabledworkersbenefits.com\/es\/about\/","title":{"rendered":"Acerca de"},"content":{"rendered":"<div data-elementor-type=\"wp-page\" data-elementor-id=\"170\" class=\"elementor elementor-170\" data-elementor-post-type=\"page\">\n\t\t\t\t<div class=\"elementor-element elementor-element-8ffdc1c e-flex e-con-boxed e-con e-parent\" data-id=\"8ffdc1c\" data-element_type=\"container\" data-e-type=\"container\" data-settings=\"{&quot;background_background&quot;:&quot;classic&quot;}\">\n\t\t\t\t\t<div class=\"e-con-inner\">\n\t\t\t\t<div class=\"elementor-element elementor-element-92c2196 elementor-widget__width-inherit elementor-widget elementor-widget-heading\" data-id=\"92c2196\" data-element_type=\"widget\" data-e-type=\"widget\" data-widget_type=\"heading.default\">\n\t\t\t\t\t<h1 class=\"elementor-heading-title elementor-size-default\">Qui\u00e9nes somos<\/h1>\t\t\t\t<\/div>\n\t\t\t\t\t<\/div>\n\t\t\t\t<\/div>\n\t\t<div class=\"elementor-element elementor-element-039aaf4 e-flex e-con-boxed e-con e-parent\" data-id=\"039aaf4\" data-element_type=\"container\" data-e-type=\"container\">\n\t\t\t\t\t<div class=\"e-con-inner\">\n\t\t\t\t<div class=\"elementor-element elementor-element-6944a2f elementor-widget elementor-widget-heading\" data-id=\"6944a2f\" data-element_type=\"widget\" data-e-type=\"widget\" data-widget_type=\"heading.default\">\n\t\t\t\t\t<h2 class=\"elementor-heading-title elementor-size-default\">DWB Law, LLC<\/h2>\t\t\t\t<\/div>\n\t\t\t\t<div class=\"elementor-element elementor-element-58438ee elementor-widget elementor-widget-text-editor\" data-id=\"58438ee\" data-element_type=\"widget\" data-e-type=\"widget\" data-widget_type=\"text-editor.default\">\n\t\t\t\t\t\t\t\t\t<p>DWB Law, LLC ayuda a las personas a solicitar beneficios por incapacidad del Seguro Social cuando una afecci\u00f3n m\u00e9dica grave se enfrenta a un sistema que puede parecer lento, t\u00e9cnico e implacable. Para muchos clientes, la parte m\u00e1s dif\u00edcil no es explicar su diagn\u00f3stico, sino enfrentarse a la burocracia: formularios extensos, solicitudes repetidas de los mismos expedientes m\u00e9dicos, notificaciones confusas, plazos estrictos y un proceso que puede prolongarse mientras las facturas y las responsabilidades siguen acumul\u00e1ndose. Nuestra funci\u00f3n es aportar claridad y estructura a ese proceso, para que su historial laboral, la evidencia m\u00e9dica y sus limitaciones funcionales se presenten de una manera que la Administraci\u00f3n del Seguro Social pueda evaluar adecuadamente.<\/p>\t\t\t\t\t\t\t\t<\/div>\n\t\t\t\t\t<\/div>\n\t\t\t\t<\/div>\n\t\t<div class=\"elementor-element elementor-element-005153a e-flex e-con-boxed e-con e-parent\" data-id=\"005153a\" data-element_type=\"container\" data-e-type=\"container\" data-settings=\"{&quot;background_background&quot;:&quot;classic&quot;}\">\n\t\t\t\t\t<div class=\"e-con-inner\">\n\t\t<div class=\"elementor-element elementor-element-73209d7 e-con-full e-flex e-con e-child\" data-id=\"73209d7\" data-element_type=\"container\" data-e-type=\"container\">\n\t\t\t\t<div class=\"elementor-element elementor-element-4944dc2 elementor-widget elementor-widget-heading\" data-id=\"4944dc2\" data-element_type=\"widget\" data-e-type=\"widget\" data-widget_type=\"heading.default\">\n\t\t\t\t\t<h2 class=\"elementor-heading-title elementor-size-default\">Nuestra misi\u00f3n<\/h2>\t\t\t\t<\/div>\n\t\t\t\t<div class=\"elementor-element elementor-element-bb29527 elementor-widget elementor-widget-text-editor\" data-id=\"bb29527\" data-element_type=\"widget\" data-e-type=\"widget\" data-widget_type=\"text-editor.default\">\n\t\t\t\t\t\t\t\t\tNuestra misi\u00f3n es brindar una representaci\u00f3n enfocada y compasiva a trabajadores incapacitados y sus familias, guiando a cada cliente a trav\u00e9s del proceso de incapacidad del Seguro Social con una comunicaci\u00f3n clara, una preparaci\u00f3n cuidadosa de la evidencia y una defensa constante de principio a fin.\t\t\t\t\t\t\t\t<\/div>\n\t\t\t\t<\/div>\n\t\t<div class=\"elementor-element elementor-element-29c9a76 e-con-full e-flex e-con e-child\" data-id=\"29c9a76\" data-element_type=\"container\" data-e-type=\"container\">\n\t\t\t\t<div class=\"elementor-element elementor-element-e619329 elementor-widget elementor-widget-heading\" data-id=\"e619329\" data-element_type=\"widget\" data-e-type=\"widget\" data-widget_type=\"heading.default\">\n\t\t\t\t\t<h2 class=\"elementor-heading-title elementor-size-default\">Nuestra visi\u00f3n<\/h2>\t\t\t\t<\/div>\n\t\t\t\t<div class=\"elementor-element elementor-element-c892860 elementor-widget elementor-widget-text-editor\" data-id=\"c892860\" data-element_type=\"widget\" data-e-type=\"widget\" data-widget_type=\"text-editor.default\">\n\t\t\t\t\t\t\t\t\tNuestra visi\u00f3n es una experiencia de reclamo por incapacidad en la que los clientes se sientan informados y respaldados en cada etapa, y en la que las personas que han obtenido cobertura a trav\u00e9s de a\u00f1os de trabajo, como los ni\u00f1os que enfrentan graves afecciones m\u00e9dicas, puedan solicitar beneficios sin sentirse abrumados por el papeleo, las demoras o la incertidumbre.\t\t\t\t\t\t\t\t<\/div>\n\t\t\t\t<\/div>\n\t\t\t\t\t<\/div>\n\t\t\t\t<\/div>\n\t\t<div class=\"elementor-element elementor-element-f795219 e-flex e-con-boxed e-con e-parent\" data-id=\"f795219\" data-element_type=\"container\" data-e-type=\"container\" data-settings=\"{&quot;background_background&quot;:&quot;classic&quot;}\">\n\t\t\t\t\t<div class=\"e-con-inner\">\n\t\t<div class=\"elementor-element elementor-element-a2d032d e-con-full e-flex e-con e-child\" data-id=\"a2d032d\" data-element_type=\"container\" data-e-type=\"container\">\n\t\t\t\t<div class=\"elementor-element elementor-element-3340039 elementor-widget elementor-widget-image\" data-id=\"3340039\" data-element_type=\"widget\" data-e-type=\"widget\" data-widget_type=\"image.default\">\n\t\t\t\t\t\t\t\t\t\t\t\t\t\t\t<img fetchpriority=\"high\" decoding=\"async\" width=\"309\" height=\"309\" src=\"https:\/\/disabledworkersbenefits.com\/wp-content\/uploads\/2025\/12\/image-asset-modified.png\" class=\"attachment-large size-large wp-image-25\" alt=\"\" srcset=\"https:\/\/disabledworkersbenefits.com\/wp-content\/uploads\/2025\/12\/image-asset-modified.png 309w, https:\/\/disabledworkersbenefits.com\/wp-content\/uploads\/2025\/12\/image-asset-modified-300x300.png 300w, https:\/\/disabledworkersbenefits.com\/wp-content\/uploads\/2025\/12\/image-asset-modified-150x150.png 150w\" sizes=\"(max-width: 309px) 100vw, 309px\" \/>\t\t\t\t\t\t\t\t\t\t\t\t\t\t\t<\/div>\n\t\t\t\t<\/div>\n\t\t<div class=\"elementor-element elementor-element-2b74ccf e-con-full e-flex e-con e-child\" data-id=\"2b74ccf\" data-element_type=\"container\" data-e-type=\"container\">\n\t\t\t\t<div class=\"elementor-element elementor-element-5637d41 elementor-widget elementor-widget-heading\" data-id=\"5637d41\" data-element_type=\"widget\" data-e-type=\"widget\" data-widget_type=\"heading.default\">\n\t\t\t\t\t<h6 class=\"elementor-heading-title elementor-size-default\">CONOZCA AL ABOGADO<\/h6>\t\t\t\t<\/div>\n\t\t\t\t<div class=\"elementor-element elementor-element-3b78bb3 elementor-widget elementor-widget-heading\" data-id=\"3b78bb3\" data-element_type=\"widget\" data-e-type=\"widget\" data-widget_type=\"heading.default\">\n\t\t\t\t\t<h2 class=\"elementor-heading-title elementor-size-default\">David W. Batchelder, Abogado<\/h2>\t\t\t\t<\/div>\n\t\t\t\t<div class=\"elementor-element elementor-element-11884ad elementor-widget elementor-widget-text-editor\" data-id=\"11884ad\" data-element_type=\"widget\" data-e-type=\"widget\" data-widget_type=\"text-editor.default\">\n\t\t\t\t\t\t\t\t\t<p data-start=\"0\" data-end=\"459\"><strong>David W. Batchelder, Esq<\/strong> , abogado, aporta d\u00e9cadas de experiencia representando a trabajadores con incapacidad y a sus familias, con una pr\u00e1ctica enfocada en reclamos y apelaciones de SSDI. Desde sus primeros a\u00f1os defendiendo a trabajadores de diversos or\u00edgenes hasta la creaci\u00f3n de un despacho boutique especializado en el sur de Florida, es reconocido por llevar cada caso con dedicaci\u00f3n, preparaci\u00f3n y profesionalismo.<\/p>\n<p data-start=\"461\" data-end=\"1119\"><\/p>\t\t\t\t\t\t\t\t<\/div>\n\t\t\t\t<\/div>\n\t\t\t\t\t<\/div>\n\t\t\t\t<\/div>\n\t\t<div class=\"elementor-element elementor-element-367e87b e-flex e-con-boxed e-con e-parent\" data-id=\"367e87b\" data-element_type=\"container\" data-e-type=\"container\">\n\t\t\t\t\t<div class=\"e-con-inner\">\n\t\t<div class=\"elementor-element elementor-element-be4123c e-con-full e-flex e-con e-child\" data-id=\"be4123c\" data-element_type=\"container\" data-e-type=\"container\">\n\t\t\t\t<div class=\"elementor-element elementor-element-dacbc98 elementor-widget elementor-widget-text-editor\" data-id=\"dacbc98\" data-element_type=\"widget\" data-e-type=\"widget\" data-widget_type=\"text-editor.default\">\n\t\t\t\t\t\t\t\t\tComenz\u00f3 su carrera en derecho mar\u00edtimo y naviero, y posteriormente centr\u00f3 su pr\u00e1ctica en la representaci\u00f3n de particulares. Se traslad\u00f3 al suroeste de Virginia para defender a los trabajadores incapacitados de toda la regi\u00f3n de los Apalaches y se incorpor\u00f3 a Arrington, Schelin &amp; Herrell, donde se ocup\u00f3 de asuntos relacionados con la incapacidad de la Seguridad Social y la indemnizaci\u00f3n de los trabajadores y represent\u00f3 a cientos de trabajadores, entre ellos mineros del carb\u00f3n, agricultores, camioneros y profesores, en audiencias por incapacidad y procedimientos judiciales relacionados. Durante este per\u00edodo, fue admitido en los Colegios de Abogados de Virginia y Tennessee, en m\u00faltiples tribunales federales de distrito y en los Tribunales de Apelaci\u00f3n de los Estados Unidos para los Circuitos Cuarto y Sexto.\t\t\t\t\t\t\t\t<\/div>\n\t\t\t\t<\/div>\n\t\t<div class=\"elementor-element elementor-element-2052455 e-con-full e-flex e-con e-child\" data-id=\"2052455\" data-element_type=\"container\" data-e-type=\"container\">\n\t\t\t\t<div class=\"elementor-element elementor-element-cf0ecc4 elementor-widget elementor-widget-text-editor\" data-id=\"cf0ecc4\" data-element_type=\"widget\" data-e-type=\"widget\" data-widget_type=\"text-editor.default\">\n\t\t\t\t\t\t\t\t\tEn 1996, el Sr. Batchelder regres\u00f3 al sur de Florida, abri\u00f3 una oficina sat\u00e9lite en Miami para un bufete nacional de incapacidad de la Seguridad Social, y en 1999 abri\u00f3 su propio bufete dedicado a representar a trabajadores incapacitados y a ni\u00f1os con graves impedimentos m\u00e9dicos. Ha sido admitido en otros tribunales federales, incluidos los Distritos Sur y Medio de Florida y el Und\u00e9cimo Circuito, ha sido miembro de la Organizaci\u00f3n Nacional de Representantes de Reclamantes de la Seguridad Social desde 1992, y form\u00f3 parte del Comit\u00e9 de Quejas del Colegio de Abogados de Florida de 2005 a 2009. Fuera de la oficina, es activo en la comunidad de Miami Shores, incluyendo el servicio a largo plazo con la C\u00e1mara de Comercio de Miami Shores y programas deportivos juveniles, y fund\u00f3 el Shores Spartans Football and Cheer Club, donde se desempe\u00f1a en funciones de liderazgo y entrenamiento.\t\t\t\t\t\t\t\t<\/div>\n\t\t\t\t<\/div>\n\t\t\t\t\t<\/div>\n\t\t\t\t<\/div>\n\t\t<div class=\"elementor-element elementor-element-bb50e17 e-flex e-con-boxed e-con e-parent\" data-id=\"bb50e17\" data-element_type=\"container\" data-e-type=\"container\" data-settings=\"{&quot;background_background&quot;:&quot;classic&quot;}\">\n\t\t\t\t\t<div class=\"e-con-inner\">\n\t\t<div class=\"elementor-element elementor-element-8dec0ca e-con-full e-flex e-con e-child\" data-id=\"8dec0ca\" data-element_type=\"container\" data-e-type=\"container\">\n\t\t\t\t<div class=\"elementor-element elementor-element-c6e34be elementor-widget elementor-widget-image\" data-id=\"c6e34be\" data-element_type=\"widget\" data-e-type=\"widget\" data-widget_type=\"image.default\">\n\t\t\t\t\t\t\t\t\t\t\t\t\t\t\t<img decoding=\"async\" width=\"227\" height=\"227\" src=\"https:\/\/disabledworkersbenefits.com\/wp-content\/uploads\/2026\/01\/Olga-Mejia.png\" class=\"attachment-large size-large wp-image-202\" alt=\"\" srcset=\"https:\/\/disabledworkersbenefits.com\/wp-content\/uploads\/2026\/01\/Olga-Mejia.png 227w, https:\/\/disabledworkersbenefits.com\/wp-content\/uploads\/2026\/01\/Olga-Mejia-150x150.png 150w\" sizes=\"(max-width: 227px) 100vw, 227px\" \/>\t\t\t\t\t\t\t\t\t\t\t\t\t\t\t<\/div>\n\t\t\t\t<\/div>\n\t\t<div class=\"elementor-element elementor-element-e5760f5 e-con-full e-flex e-con e-child\" data-id=\"e5760f5\" data-element_type=\"container\" data-e-type=\"container\">\n\t\t\t\t<div class=\"elementor-element elementor-element-f471d7a elementor-widget elementor-widget-heading\" data-id=\"f471d7a\" data-element_type=\"widget\" data-e-type=\"widget\" data-widget_type=\"heading.default\">\n\t\t\t\t\t<h6 class=\"elementor-heading-title elementor-size-default\">CONOZCA A NUESTRA ASISTENTE JUR\u00cdDICA<\/h6>\t\t\t\t<\/div>\n\t\t\t\t<div class=\"elementor-element elementor-element-57fed68 elementor-widget elementor-widget-heading\" data-id=\"57fed68\" data-element_type=\"widget\" data-e-type=\"widget\" data-widget_type=\"heading.default\">\n\t\t\t\t\t<h2 class=\"elementor-heading-title elementor-size-default\">Olga J. Mej\u00eda\n\n<\/h2>\t\t\t\t<\/div>\n\t\t\t\t<div class=\"elementor-element elementor-element-aed9b21 elementor-widget elementor-widget-text-editor\" data-id=\"aed9b21\" data-element_type=\"widget\" data-e-type=\"widget\" data-widget_type=\"text-editor.default\">\n\t\t\t\t\t\t\t\t\t<b>Olga<\/b> naci\u00f3 y creci\u00f3 en Honduras y emigr\u00f3 a Estados Unidos con su familia a los 14 a\u00f1os. A pesar de enfrentarse a grandes dificultades, lleg\u00f3 a dominar el ingl\u00e9s en un periodo de tiempo extraordinariamente corto y se gradu\u00f3 en el instituto de Miami (Florida) en 2006.\t\t\t\t\t\t\t\t<\/div>\n\t\t\t\t<\/div>\n\t\t\t\t\t<\/div>\n\t\t\t\t<\/div>\n\t\t<div class=\"elementor-element elementor-element-b0aebc5 e-flex e-con-boxed e-con e-parent\" data-id=\"b0aebc5\" data-element_type=\"container\" data-e-type=\"container\" data-settings=\"{&quot;background_background&quot;:&quot;classic&quot;}\">\n\t\t\t\t\t<div class=\"e-con-inner\">\n\t\t<div class=\"elementor-element elementor-element-f4c9284 e-con-full e-flex e-con e-child\" data-id=\"f4c9284\" data-element_type=\"container\" data-e-type=\"container\">\n\t\t\t\t<div class=\"elementor-element elementor-element-4b2b66f elementor-widget elementor-widget-text-editor\" data-id=\"4b2b66f\" data-element_type=\"widget\" data-e-type=\"widget\" data-widget_type=\"text-editor.default\">\n\t\t\t\t\t\t\t\t\t<p>Olga se uni\u00f3 a nuestra firma de abogados en noviembre de 2009 como recepcionista a tiempo parcial. Gracias a su dedicaci\u00f3n, profesionalismo y una \u00e9tica de trabajo excepcional, ascendi\u00f3 r\u00e1pidamente dentro de la firma y obtuvo el puesto de Paralegal Principal en solo dos a\u00f1os.<\/p><p>En 2019, Olga se gradu\u00f3 de la Florida International University (FIU) con una doble especializaci\u00f3n en Recursos Humanos y Gesti\u00f3n Empresarial, fortaleciendo a\u00fan m\u00e1s su capacidad para apoyar tanto a los clientes como a la firma a un nivel avanzado.<\/p>\t\t\t\t\t\t\t\t<\/div>\n\t\t\t\t<\/div>\n\t\t<div class=\"elementor-element elementor-element-6d6ac9c e-con-full e-flex e-con e-child\" data-id=\"6d6ac9c\" data-element_type=\"container\" data-e-type=\"container\">\n\t\t\t\t<div class=\"elementor-element elementor-element-94fa7a3 elementor-widget elementor-widget-text-editor\" data-id=\"94fa7a3\" data-element_type=\"widget\" data-e-type=\"widget\" data-widget_type=\"text-editor.default\">\n\t\t\t\t\t\t\t\t\t<p>Olga cuenta con amplia experiencia en todos los aspectos del proceso de solicitudes y apelaciones por incapacidad del Seguro Social. Es una pieza clave de nuestro estudio jur\u00eddico, ya que entrevista personalmente a cada cliente potencial y supervisa, junto con el Sr. Batchelder, el desarrollo y la gesti\u00f3n de todos los expedientes de los clientes.<br \/><br aria-hidden=\"true\" \/>Reconocida por su genuina compasi\u00f3n y su firme compromiso con los trabajadores con discapacidad, Olga representa constantemente a sus clientes con dedicaci\u00f3n, diligencia e integridad. Su experiencia, liderazgo y compromiso la convierten en una integrante valiosa y de plena confianza dentro de nuestro estudio jur\u00eddico.<\/p>\t\t\t\t\t\t\t\t<\/div>\n\t\t\t\t<\/div>\n\t\t\t\t\t<\/div>\n\t\t\t\t<\/div>\n\t\t<div class=\"elementor-element elementor-element-5556a58 e-flex e-con-boxed e-con e-parent\" data-id=\"5556a58\" data-element_type=\"container\" data-e-type=\"container\" data-settings=\"{&quot;background_background&quot;:&quot;classic&quot;}\">\n\t\t\t\t\t<div class=\"e-con-inner\">\n\t\t\t\t<div class=\"elementor-element elementor-element-174805b elementor-widget__width-initial elementor-widget elementor-widget-heading\" data-id=\"174805b\" data-element_type=\"widget\" data-e-type=\"widget\" data-widget_type=\"heading.default\">\n\t\t\t\t\t<h2 class=\"elementor-heading-title elementor-size-default\">Cuando una enfermedad o una lesi\u00f3n afectan su vida, lo \u00faltimo con lo que deber\u00eda tener que lidiar es con el papeleo. Nuestro trabajo es convertir la confusi\u00f3n en un plan claro, reunir la evidencia de la manera adecuada y acompa\u00f1arlo en cada paso hasta que su caso sea atendido.<\/h2>\t\t\t\t<\/div>\n\t\t\t\t<div class=\"elementor-element elementor-element-12bf4ef elementor-widget-divider--view-line elementor-widget elementor-widget-divider\" data-id=\"12bf4ef\" data-element_type=\"widget\" data-e-type=\"widget\" data-widget_type=\"divider.default\">\n\t\t\t\t\t\t\t<div class=\"elementor-divider\">\n\t\t\t<span class=\"elementor-divider-separator\">\n\t\t\t\t\t\t<\/span>\n\t\t<\/div>\n\t\t\t\t\t\t<\/div>\n\t\t\t\t<div class=\"elementor-element elementor-element-8b96edd elementor-widget elementor-widget-heading\" data-id=\"8b96edd\" data-element_type=\"widget\" data-e-type=\"widget\" data-widget_type=\"heading.default\">\n\t\t\t\t\t<h6 class=\"elementor-heading-title elementor-size-default\">Abogado David W. Batchelder<\/h6>\t\t\t\t<\/div>\n\t\t\t\t\t<\/div>\n\t\t\t\t<\/div>\n\t\t\t\t<\/div>","protected":false},"excerpt":{"rendered":"<p>About Us DWB Law, LLC DWB Law, LLC helps people pursue Social Security disability benefits when a serious medical condition [&hellip;]<\/p>\n","protected":false},"author":1,"featured_media":0,"parent":0,"menu_order":0,"comment_status":"closed","ping_status":"closed","template":"elementor_header_footer","meta":{"site-sidebar-layout":"default","site-content-layout":"","ast-site-content-layout":"full-width-container","site-content-style":"default","site-sidebar-style":"default","ast-global-header-display":"","ast-banner-title-visibility":"","ast-main-header-display":"","ast-hfb-above-header-display":"","ast-hfb-below-header-display":"","ast-hfb-mobile-header-display":"","site-post-title":"","ast-breadcrumbs-content":"","ast-featured-img":"","footer-sml-layout":"","ast-disable-related-posts":"","theme-transparent-header-meta":"","adv-header-id-meta":"","stick-header-meta":"","header-above-stick-meta":"","header-main-stick-meta":"","header-below-stick-meta":"","astra-migrate-meta-layouts":"default","ast-page-background-enabled":"default","ast-page-background-meta":{"desktop":{"background-color":"var(--ast-global-color-5)","background-image":"","background-repeat":"repeat","background-position":"center center","background-size":"auto","background-attachment":"scroll","background-type":"","background-media":"","overlay-type":"","overlay-color":"","overlay-opacity":"","overlay-gradient":""},"tablet":{"background-color":"","background-image":"","background-repeat":"repeat","background-position":"center center","background-size":"auto","background-attachment":"scroll","background-type":"","background-media":"","overlay-type":"","overlay-color":"","overlay-opacity":"","overlay-gradient":""},"mobile":{"background-color":"","background-image":"","background-repeat":"repeat","background-position":"center center","background-size":"auto","background-attachment":"scroll","background-type":"","background-media":"","overlay-type":"","overlay-color":"","overlay-opacity":"","overlay-gradient":""}},"ast-content-background-meta":{"desktop":{"background-color":"var(--ast-global-color-4)","background-image":"","background-repeat":"repeat","background-position":"center center","background-size":"auto","background-attachment":"scroll","background-type":"","background-media":"","overlay-type":"","overlay-color":"","overlay-opacity":"","overlay-gradient":""},"tablet":{"background-color":"var(--ast-global-color-4)","background-image":"","background-repeat":"repeat","background-position":"center center","background-size":"auto","background-attachment":"scroll","background-type":"","background-media":"","overlay-type":"","overlay-color":"","overlay-opacity":"","overlay-gradient":""},"mobile":{"background-color":"var(--ast-global-color-4)","background-image":"","background-repeat":"repeat","background-position":"center center","background-size":"auto","background-attachment":"scroll","background-type":"","background-media":"","overlay-type":"","overlay-color":"","overlay-opacity":"","overlay-gradient":""}},"footnotes":""},"class_list":["post-170","page","type-page","status-publish","hentry"],"_links":{"self":[{"href":"https:\/\/disabledworkersbenefits.com\/es\/wp-json\/wp\/v2\/pages\/170","targetHints":{"allow":["GET"]}}],"collection":[{"href":"https:\/\/disabledworkersbenefits.com\/es\/wp-json\/wp\/v2\/pages"}],"about":[{"href":"https:\/\/disabledworkersbenefits.com\/es\/wp-json\/wp\/v2\/types\/page"}],"author":[{"embeddable":true,"href":"https:\/\/disabledworkersbenefits.com\/es\/wp-json\/wp\/v2\/users\/1"}],"replies":[{"embeddable":true,"href":"https:\/\/disabledworkersbenefits.com\/es\/wp-json\/wp\/v2\/comments?post=170"}],"version-history":[{"count":19,"href":"https:\/\/disabledworkersbenefits.com\/es\/wp-json\/wp\/v2\/pages\/170\/revisions"}],"predecessor-version":[{"id":1267,"href":"https:\/\/disabledworkersbenefits.com\/es\/wp-json\/wp\/v2\/pages\/170\/revisions\/1267"}],"wp:attachment":[{"href":"https:\/\/disabledworkersbenefits.com\/es\/wp-json\/wp\/v2\/media?parent=170"}],"curies":[{"name":"wp","href":"https:\/\/api.w.org\/{rel}","templated":true}]}}