{"id":1137,"date":"2026-03-17T14:49:52","date_gmt":"2026-03-17T14:49:52","guid":{"rendered":"https:\/\/disabledworkersbenefits.com\/?page_id=1137"},"modified":"2026-03-18T12:22:06","modified_gmt":"2026-03-18T12:22:06","slug":"blogs","status":"publish","type":"page","link":"https:\/\/disabledworkersbenefits.com\/es\/blogs\/","title":{"rendered":"Blogs"},"content":{"rendered":"<div data-elementor-type=\"wp-page\" data-elementor-id=\"1137\" class=\"elementor elementor-1137\" data-elementor-post-type=\"page\">\n\t\t\t\t<div class=\"elementor-element elementor-element-8ffdc1c e-flex e-con-boxed e-con e-parent\" data-id=\"8ffdc1c\" data-element_type=\"container\" data-e-type=\"container\" data-settings=\"{&quot;background_background&quot;:&quot;classic&quot;}\">\n\t\t\t\t\t<div class=\"e-con-inner\">\n\t\t\t\t<div class=\"elementor-element elementor-element-92c2196 elementor-widget__width-inherit elementor-widget elementor-widget-heading\" data-id=\"92c2196\" data-element_type=\"widget\" data-e-type=\"widget\" data-widget_type=\"heading.default\">\n\t\t\t\t\t<h1 class=\"elementor-heading-title elementor-size-default\">Blogs y art\u00edculos<\/h1>\t\t\t\t<\/div>\n\t\t\t\t\t<\/div>\n\t\t\t\t<\/div>\n\t\t<div class=\"elementor-element elementor-element-f9305b3 e-flex e-con-boxed e-con e-parent\" data-id=\"f9305b3\" data-element_type=\"container\" data-e-type=\"container\">\n\t\t\t\t\t<div class=\"e-con-inner\">\n\t\t\t\t<div class=\"elementor-element elementor-element-e93fd03 premium-blog-align-left elementor-widget elementor-widget-premium-addon-blog\" data-id=\"e93fd03\" data-element_type=\"widget\" data-e-type=\"widget\" data-settings=\"{&quot;premium_blog_columns_number&quot;:&quot;33.33%&quot;,&quot;premium_blog_grid&quot;:&quot;yes&quot;,&quot;premium_blog_layout&quot;:&quot;even&quot;,&quot;premium_blog_columns_number_tablet&quot;:&quot;50%&quot;,&quot;premium_blog_columns_number_mobile&quot;:&quot;100%&quot;}\" data-widget_type=\"premium-addon-blog.default\">\n\t\t\t\t\t\r\n\t\t\r\n\r\n\t\t\t\t<div class=\"premium-blog-wrap  premium-blog-even\" data-page=\"1137\">\r\n\t\t\t\t\t\t\t\t\t<div class=\"premium-blog-post-outer-container\" data-total=\"1\">\r\n\t\t\t<div class=\"premium-blog-post-container premium-blog-skin-classic\">\r\n\t\t\t\t\t\t\t\t\t<div class=\"premium-blog-thumb-effect-wrapper\">\r\n\t\t\t\t\t\t<div class=\"premium-blog-thumbnail-container premium-blog-zoomin-effect\">\r\n\t\t\t\t\t\t\t<img fetchpriority=\"high\" decoding=\"async\" width=\"1200\" height=\"675\" src=\"https:\/\/disabledworkersbenefits.com\/wp-content\/uploads\/2026\/03\/Initial-Disability-Applications-in-Miami_-Mistakes-That-Can-Delay-or-Deny-Your-Claim-Disabled-Workers-Benefits-2.jpg\" class=\"attachment-full size-full wp-image-1133\" alt=\"Disability applicant worried about deadlines and paperwork delays at a home desk.\" srcset=\"https:\/\/disabledworkersbenefits.com\/wp-content\/uploads\/2026\/03\/Initial-Disability-Applications-in-Miami_-Mistakes-That-Can-Delay-or-Deny-Your-Claim-Disabled-Workers-Benefits-2.jpg 1200w, https:\/\/disabledworkersbenefits.com\/wp-content\/uploads\/2026\/03\/Initial-Disability-Applications-in-Miami_-Mistakes-That-Can-Delay-or-Deny-Your-Claim-Disabled-Workers-Benefits-2-300x169.jpg 300w, https:\/\/disabledworkersbenefits.com\/wp-content\/uploads\/2026\/03\/Initial-Disability-Applications-in-Miami_-Mistakes-That-Can-Delay-or-Deny-Your-Claim-Disabled-Workers-Benefits-2-1024x576.jpg 1024w, https:\/\/disabledworkersbenefits.com\/wp-content\/uploads\/2026\/03\/Initial-Disability-Applications-in-Miami_-Mistakes-That-Can-Delay-or-Deny-Your-Claim-Disabled-Workers-Benefits-2-768x432.jpg 768w, https:\/\/disabledworkersbenefits.com\/wp-content\/uploads\/2026\/03\/Initial-Disability-Applications-in-Miami_-Mistakes-That-Can-Delay-or-Deny-Your-Claim-Disabled-Workers-Benefits-2-18x10.jpg 18w\" sizes=\"(max-width: 1200px) 100vw, 1200px\" \/>\t\t\t\t\t\t<\/div>\r\n\t\t\t\t\t\t\t\t\t\t\t\t\t<div class=\"premium-blog-thumbnail-overlay\">\r\n\t\t\t\t\t\t\t\t<a class=\"elementor-icon\" href=\"https:\/\/disabledworkersbenefits.com\/es\/initial-disability-applications-in-miami-mistakes-that-can-delay-or-deny-your-claim\/\" target=\"_blank\"><\/a>\r\n\t\t\t\t\t\t\t<\/div>\r\n\r\n\t\t\t\t\t\t\t\t\t\t\t\t\t\t\t\t\t\t<\/div>\r\n\t\t\t\t\t\t\t\t\t\t\t\t<div class=\"premium-blog-content-wrapper\">\r\n\r\n\t\t\t\t\t<div class=\"premium-blog-inner-container\">\r\n\r\n\t\t\t\t\t\t\t\t\t\t\t\t\t\t<p class=\"premium-blog-entry-title\">\r\n\t\t\t<a href=\"https:\/\/disabledworkersbenefits.com\/es\/initial-disability-applications-in-miami-mistakes-that-can-delay-or-deny-your-claim\/\" target=\"_blank\">\r\n\t\t\t\tSolicitudes iniciales de incapacidad en Miami: errores que pueden retrasar o denegar su reclamo\t\t\t<\/a>\r\n\t\t<\/p>\r\n\t\t\t\t<div class=\"premium-blog-entry-meta\">\r\n\t\t\t\r\n\t\t\t\r\n\t\t\t\r\n\t\t\t\t\t<\/div>\r\n\t\t\r\n\t\t\t\t\t<\/div>\r\n\r\n\t\t\t\t\t\t\t<div class=\"premium-blog-content-inner-wrapper\">\r\n\t\t<p class=\"premium-blog-post-content\">Solicitar beneficios por incapacidad, es estresante, especialmente cuando problemas de salud graves ya limitan la vida diaria. El proceso de incapacidad del Seguro Social incluye formularios detallados, requisitos estrictos y plazos que dejan poco margen de error.<\/p>\t\t<\/div>\r\n\t\t\t\t\t\t\t\r\n\t\t\t\t<\/div>\r\n\t\t\t<\/div>\r\n\t\t<\/div>\r\n\r\n\t\t\t\t<div class=\"premium-blog-post-outer-container\" data-total=\"1\">\r\n\t\t\t<div class=\"premium-blog-post-container premium-blog-skin-classic\">\r\n\t\t\t\t\t\t\t\t\t<div class=\"premium-blog-thumb-effect-wrapper\">\r\n\t\t\t\t\t\t<div class=\"premium-blog-thumbnail-container premium-blog-zoomin-effect\">\r\n\t\t\t\t\t\t\t<img decoding=\"async\" width=\"1200\" height=\"675\" src=\"https:\/\/disabledworkersbenefits.com\/wp-content\/uploads\/2026\/03\/Social-Security-Disability-Insurance-Representation-Miami_-Steps-to-Take-After-Your-Claim-Is-Denied-Disabled-Workers-Benefits-2.jpg\" class=\"attachment-full size-full wp-image-1116\" alt=\"Applicant in Miami reviewing disability paperwork and medical records at a kitchen table.\" srcset=\"https:\/\/disabledworkersbenefits.com\/wp-content\/uploads\/2026\/03\/Social-Security-Disability-Insurance-Representation-Miami_-Steps-to-Take-After-Your-Claim-Is-Denied-Disabled-Workers-Benefits-2.jpg 1200w, https:\/\/disabledworkersbenefits.com\/wp-content\/uploads\/2026\/03\/Social-Security-Disability-Insurance-Representation-Miami_-Steps-to-Take-After-Your-Claim-Is-Denied-Disabled-Workers-Benefits-2-300x169.jpg 300w, https:\/\/disabledworkersbenefits.com\/wp-content\/uploads\/2026\/03\/Social-Security-Disability-Insurance-Representation-Miami_-Steps-to-Take-After-Your-Claim-Is-Denied-Disabled-Workers-Benefits-2-1024x576.jpg 1024w, https:\/\/disabledworkersbenefits.com\/wp-content\/uploads\/2026\/03\/Social-Security-Disability-Insurance-Representation-Miami_-Steps-to-Take-After-Your-Claim-Is-Denied-Disabled-Workers-Benefits-2-768x432.jpg 768w, https:\/\/disabledworkersbenefits.com\/wp-content\/uploads\/2026\/03\/Social-Security-Disability-Insurance-Representation-Miami_-Steps-to-Take-After-Your-Claim-Is-Denied-Disabled-Workers-Benefits-2-18x10.jpg 18w\" sizes=\"(max-width: 1200px) 100vw, 1200px\" \/>\t\t\t\t\t\t<\/div>\r\n\t\t\t\t\t\t\t\t\t\t\t\t\t<div class=\"premium-blog-thumbnail-overlay\">\r\n\t\t\t\t\t\t\t\t<a class=\"elementor-icon\" href=\"https:\/\/disabledworkersbenefits.com\/es\/social-security-disability-insurance-ssdi-representation-in-miami-steps-to-take-after-your-claim-is-denied\/\" target=\"_blank\"><\/a>\r\n\t\t\t\t\t\t\t<\/div>\r\n\r\n\t\t\t\t\t\t\t\t\t\t\t\t\t\t\t\t\t\t<\/div>\r\n\t\t\t\t\t\t\t\t\t\t\t\t<div class=\"premium-blog-content-wrapper\">\r\n\r\n\t\t\t\t\t<div class=\"premium-blog-inner-container\">\r\n\r\n\t\t\t\t\t\t\t\t\t\t\t\t\t\t<p class=\"premium-blog-entry-title\">\r\n\t\t\t<a href=\"https:\/\/disabledworkersbenefits.com\/es\/social-security-disability-insurance-ssdi-representation-in-miami-steps-to-take-after-your-claim-is-denied\/\" target=\"_blank\">\r\n\t\t\t\tRepresentaci\u00f3n del Seguro de Incapacidad del Seguro Social (SSDI) en Miami: Pasos a seguir despu\u00e9s de que su reclamo sea denegado\t\t\t<\/a>\r\n\t\t<\/p>\r\n\t\t\t\t<div class=\"premium-blog-entry-meta\">\r\n\t\t\t\r\n\t\t\t\r\n\t\t\t\r\n\t\t\t\t\t<\/div>\r\n\t\t\r\n\t\t\t\t\t<\/div>\r\n\r\n\t\t\t\t\t\t\t<div class=\"premium-blog-content-inner-wrapper\">\r\n\t\t<p class=\"premium-blog-post-content\">Usted ha trabajado arduamente durante a\u00f1os y ahora enfrenta serios problemas de salud que le dificultan seguir trabajando. Cuando solicit\u00f3 los beneficios del Seguro por Incapacidad del Seguro Social (SSDI), esperaba recibir ayuda en este momento dif\u00edcil, pero en su lugar recibi\u00f3 una denegaci\u00f3n por parte de la Administraci\u00f3n del Seguro Social (SSA).<\/p>\t\t<\/div>\r\n\t\t\t\t\t\t\t\r\n\t\t\t\t<\/div>\r\n\t\t\t<\/div>\r\n\t\t<\/div>\r\n\r\n\t\t\t\t\t\t\t<\/div>\r\n\r\n\t\t\r\n\t\t\r\n\t\t\t\t\t\t<\/div>\n\t\t\t\t\t<\/div>\n\t\t\t\t<\/div>\n\t\t\t\t<\/div>","protected":false},"excerpt":{"rendered":"<p>Blogs &amp; Articles Initial Disability Applications in Miami: Mistakes That Can Delay or Deny Your Claim Applying for disability is [&hellip;]<\/p>\n","protected":false},"author":1,"featured_media":0,"parent":0,"menu_order":0,"comment_status":"closed","ping_status":"closed","template":"elementor_header_footer","meta":{"site-sidebar-layout":"default","site-content-layout":"","ast-site-content-layout":"full-width-container","site-content-style":"default","site-sidebar-style":"default","ast-global-header-display":"","ast-banner-title-visibility":"","ast-main-header-display":"","ast-hfb-above-header-display":"","ast-hfb-below-header-display":"","ast-hfb-mobile-header-display":"","site-post-title":"","ast-breadcrumbs-content":"","ast-featured-img":"","footer-sml-layout":"","ast-disable-related-posts":"","theme-transparent-header-meta":"","adv-header-id-meta":"","stick-header-meta":"","header-above-stick-meta":"","header-main-stick-meta":"","header-below-stick-meta":"","astra-migrate-meta-layouts":"default","ast-page-background-enabled":"default","ast-page-background-meta":{"desktop":{"background-color":"var(--ast-global-color-5)","background-image":"","background-repeat":"repeat","background-position":"center center","background-size":"auto","background-attachment":"scroll","background-type":"","background-media":"","overlay-type":"","overlay-color":"","overlay-opacity":"","overlay-gradient":""},"tablet":{"background-color":"","background-image":"","background-repeat":"repeat","background-position":"center center","background-size":"auto","background-attachment":"scroll","background-type":"","background-media":"","overlay-type":"","overlay-color":"","overlay-opacity":"","overlay-gradient":""},"mobile":{"background-color":"","background-image":"","background-repeat":"repeat","background-position":"center center","background-size":"auto","background-attachment":"scroll","background-type":"","background-media":"","overlay-type":"","overlay-color":"","overlay-opacity":"","overlay-gradient":""}},"ast-content-background-meta":{"desktop":{"background-color":"var(--ast-global-color-4)","background-image":"","background-repeat":"repeat","background-position":"center center","background-size":"auto","background-attachment":"scroll","background-type":"","background-media":"","overlay-type":"","overlay-color":"","overlay-opacity":"","overlay-gradient":""},"tablet":{"background-color":"var(--ast-global-color-4)","background-image":"","background-repeat":"repeat","background-position":"center center","background-size":"auto","background-attachment":"scroll","background-type":"","background-media":"","overlay-type":"","overlay-color":"","overlay-opacity":"","overlay-gradient":""},"mobile":{"background-color":"var(--ast-global-color-4)","background-image":"","background-repeat":"repeat","background-position":"center center","background-size":"auto","background-attachment":"scroll","background-type":"","background-media":"","overlay-type":"","overlay-color":"","overlay-opacity":"","overlay-gradient":""}},"footnotes":""},"class_list":["post-1137","page","type-page","status-publish","hentry"],"_links":{"self":[{"href":"https:\/\/disabledworkersbenefits.com\/es\/wp-json\/wp\/v2\/pages\/1137","targetHints":{"allow":["GET"]}}],"collection":[{"href":"https:\/\/disabledworkersbenefits.com\/es\/wp-json\/wp\/v2\/pages"}],"about":[{"href":"https:\/\/disabledworkersbenefits.com\/es\/wp-json\/wp\/v2\/types\/page"}],"author":[{"embeddable":true,"href":"https:\/\/disabledworkersbenefits.com\/es\/wp-json\/wp\/v2\/users\/1"}],"replies":[{"embeddable":true,"href":"https:\/\/disabledworkersbenefits.com\/es\/wp-json\/wp\/v2\/comments?post=1137"}],"version-history":[{"count":7,"href":"https:\/\/disabledworkersbenefits.com\/es\/wp-json\/wp\/v2\/pages\/1137\/revisions"}],"predecessor-version":[{"id":1153,"href":"https:\/\/disabledworkersbenefits.com\/es\/wp-json\/wp\/v2\/pages\/1137\/revisions\/1153"}],"wp:attachment":[{"href":"https:\/\/disabledworkersbenefits.com\/es\/wp-json\/wp\/v2\/media?parent=1137"}],"curies":[{"name":"wp","href":"https:\/\/api.w.org\/{rel}","templated":true}]}}